{"id":10,"date":"2026-02-16T03:14:04","date_gmt":"2026-02-16T03:14:04","guid":{"rendered":"https:\/\/yarolandyavy.com\/Yavy\/?page_id=10"},"modified":"2026-02-16T05:31:23","modified_gmt":"2026-02-16T05:31:23","slug":"summertime","status":"publish","type":"page","link":"https:\/\/yarolandyavy.com\/Yavy\/summertime\/","title":{"rendered":"SUMMERTIME"},"content":{"rendered":"\t\t<div data-elementor-type=\"wp-page\" data-elementor-id=\"10\" class=\"elementor elementor-10\" data-elementor-post-type=\"page\">\n\t\t\t\t<div class=\"elementor-element elementor-element-8889e3d e-con-full e-flex e-con e-parent\" data-id=\"8889e3d\" data-element_type=\"container\" data-e-type=\"container\" data-settings=\"{&quot;background_background&quot;:&quot;classic&quot;}\">\n\t\t\t\t<div class=\"elementor-element elementor-element-91883c7 elementor-widget elementor-widget-heading\" data-id=\"91883c7\" data-element_type=\"widget\" data-e-type=\"widget\" data-widget_type=\"heading.default\">\n\t\t\t\t<div class=\"elementor-widget-container\">\n\t\t\t\t\t<h2 class=\"elementor-heading-title elementor-size-default\">Logotipo<\/h2>\t\t\t\t<\/div>\n\t\t\t\t<\/div>\n\t\t<div class=\"elementor-element elementor-element-9d34db7 e-con-full e-flex e-con e-child\" data-id=\"9d34db7\" data-element_type=\"container\" data-e-type=\"container\">\n\t\t\t\t<div class=\"elementor-element elementor-element-5050186 elementor-widget elementor-widget-button\" data-id=\"5050186\" data-element_type=\"widget\" data-e-type=\"widget\" data-widget_type=\"button.default\">\n\t\t\t\t<div class=\"elementor-widget-container\">\n\t\t\t\t\t\t\t\t\t<div class=\"elementor-button-wrapper\">\n\t\t\t\t\t<a class=\"elementor-button elementor-button-link elementor-size-sm\" href=\"#\">\n\t\t\t\t\t\t<span class=\"elementor-button-content-wrapper\">\n\t\t\t\t\t\t\t\t\t<span class=\"elementor-button-text\">Promociones<\/span>\n\t\t\t\t\t<\/span>\n\t\t\t\t\t<\/a>\n\t\t\t\t<\/div>\n\t\t\t\t\t\t\t\t<\/div>\n\t\t\t\t<\/div>\n\t\t\t\t<div class=\"elementor-element elementor-element-55b744f elementor-widget elementor-widget-button\" data-id=\"55b744f\" data-element_type=\"widget\" data-e-type=\"widget\" data-widget_type=\"button.default\">\n\t\t\t\t<div class=\"elementor-widget-container\">\n\t\t\t\t\t\t\t\t\t<div class=\"elementor-button-wrapper\">\n\t\t\t\t\t<a class=\"elementor-button elementor-button-link elementor-size-sm\" href=\"#\">\n\t\t\t\t\t\t<span class=\"elementor-button-content-wrapper\">\n\t\t\t\t\t\t\t\t\t<span class=\"elementor-button-text\">Explora Ahora<\/span>\n\t\t\t\t\t<\/span>\n\t\t\t\t\t<\/a>\n\t\t\t\t<\/div>\n\t\t\t\t\t\t\t\t<\/div>\n\t\t\t\t<\/div>\n\t\t\t\t<\/div>\n\t\t\t\t<\/div>\n\t\t<div class=\"elementor-element elementor-element-5749e1d e-flex e-con-boxed e-con e-parent\" data-id=\"5749e1d\" data-element_type=\"container\" data-e-type=\"container\" data-settings=\"{&quot;background_background&quot;:&quot;gradient&quot;}\">\n\t\t\t\t\t<div class=\"e-con-inner\">\n\t\t\t\t<div class=\"elementor-element elementor-element-18b1a4c elementor-widget elementor-widget-heading\" data-id=\"18b1a4c\" data-element_type=\"widget\" data-e-type=\"widget\" data-widget_type=\"heading.default\">\n\t\t\t\t<div class=\"elementor-widget-container\">\n\t\t\t\t\t<h2 class=\"elementor-heading-title elementor-size-default\">Summer Time<\/h2>\t\t\t\t<\/div>\n\t\t\t\t<\/div>\n\t\t\t\t<div class=\"elementor-element elementor-element-6e54e36 elementor-widget elementor-widget-image\" data-id=\"6e54e36\" data-element_type=\"widget\" data-e-type=\"widget\" data-widget_type=\"image.default\">\n\t\t\t\t<div class=\"elementor-widget-container\">\n\t\t\t\t\t\t\t\t\t\t\t\t\t\t\t<img fetchpriority=\"high\" decoding=\"async\" width=\"282\" height=\"178\" src=\"https:\/\/yarolandyavy.com\/Yavy\/wp-content\/uploads\/2026\/02\/nube-1.png\" class=\"attachment-large size-large wp-image-47\" alt=\"\" \/>\t\t\t\t\t\t\t\t\t\t\t\t\t\t\t<\/div>\n\t\t\t\t<\/div>\n\t\t\t\t<div class=\"elementor-element elementor-element-8c2c907 elementor-widget__width-initial elementor-absolute elementor-widget elementor-widget-image\" data-id=\"8c2c907\" data-element_type=\"widget\" data-e-type=\"widget\" data-settings=\"{&quot;_position&quot;:&quot;absolute&quot;}\" data-widget_type=\"image.default\">\n\t\t\t\t<div class=\"elementor-widget-container\">\n\t\t\t\t\t\t\t\t\t\t\t\t\t\t\t<img decoding=\"async\" width=\"110\" height=\"110\" src=\"https:\/\/yarolandyavy.com\/Yavy\/wp-content\/uploads\/2026\/02\/estrella-1.png\" class=\"attachment-large size-large wp-image-39\" alt=\"\" \/>\t\t\t\t\t\t\t\t\t\t\t\t\t\t\t<\/div>\n\t\t\t\t<\/div>\n\t\t\t\t\t<\/div>\n\t\t\t\t<\/div>\n\t\t<div class=\"elementor-element elementor-element-7727916 e-flex e-con-boxed e-con e-parent\" data-id=\"7727916\" data-element_type=\"container\" data-e-type=\"container\" data-settings=\"{&quot;background_background&quot;:&quot;classic&quot;}\">\n\t\t\t\t\t<div class=\"e-con-inner\">\n\t\t\t\t<div class=\"elementor-element elementor-element-cf51d03 elementor-widget elementor-widget-image\" data-id=\"cf51d03\" data-element_type=\"widget\" data-e-type=\"widget\" data-widget_type=\"image.default\">\n\t\t\t\t<div class=\"elementor-widget-container\">\n\t\t\t\t\t\t\t\t\t\t\t\t\t\t\t<img decoding=\"async\" width=\"1024\" height=\"854\" src=\"https:\/\/yarolandyavy.com\/Yavy\/wp-content\/uploads\/2026\/02\/Sol-1-1024x854.png\" class=\"attachment-large size-large wp-image-19\" alt=\"\" srcset=\"https:\/\/yarolandyavy.com\/Yavy\/wp-content\/uploads\/2026\/02\/Sol-1-1024x854.png 1024w, https:\/\/yarolandyavy.com\/Yavy\/wp-content\/uploads\/2026\/02\/Sol-1-300x250.png 300w, https:\/\/yarolandyavy.com\/Yavy\/wp-content\/uploads\/2026\/02\/Sol-1-768x641.png 768w, https:\/\/yarolandyavy.com\/Yavy\/wp-content\/uploads\/2026\/02\/Sol-1.png 1205w\" sizes=\"(max-width: 1024px) 100vw, 1024px\" \/>\t\t\t\t\t\t\t\t\t\t\t\t\t\t\t<\/div>\n\t\t\t\t<\/div>\n\t\t\t\t<div class=\"elementor-element elementor-element-75fe87f elementor-absolute elementor-widget elementor-widget-image\" data-id=\"75fe87f\" data-element_type=\"widget\" data-e-type=\"widget\" data-settings=\"{&quot;_position&quot;:&quot;absolute&quot;}\" data-widget_type=\"image.default\">\n\t\t\t\t<div class=\"elementor-widget-container\">\n\t\t\t\t\t\t\t\t\t\t\t\t\t\t\t<img loading=\"lazy\" decoding=\"async\" width=\"227\" height=\"227\" src=\"https:\/\/yarolandyavy.com\/Yavy\/wp-content\/uploads\/2026\/02\/Flor-1.png\" class=\"attachment-full size-full wp-image-29\" alt=\"\" srcset=\"https:\/\/yarolandyavy.com\/Yavy\/wp-content\/uploads\/2026\/02\/Flor-1.png 227w, https:\/\/yarolandyavy.com\/Yavy\/wp-content\/uploads\/2026\/02\/Flor-1-150x150.png 150w\" sizes=\"(max-width: 227px) 100vw, 227px\" \/>\t\t\t\t\t\t\t\t\t\t\t\t\t\t\t<\/div>\n\t\t\t\t<\/div>\n\t\t\t\t\t<\/div>\n\t\t\t\t<\/div>\n\t\t<div class=\"elementor-element elementor-element-3bfcbf8 e-flex e-con-boxed e-con e-parent\" data-id=\"3bfcbf8\" data-element_type=\"container\" data-e-type=\"container\" data-settings=\"{&quot;background_background&quot;:&quot;gradient&quot;}\">\n\t\t\t\t\t<div class=\"e-con-inner\">\n\t\t<div class=\"elementor-element elementor-element-d6b315a e-con-full e-flex e-con e-child\" data-id=\"d6b315a\" data-element_type=\"container\" data-e-type=\"container\" data-settings=\"{&quot;background_background&quot;:&quot;classic&quot;,&quot;position&quot;:&quot;absolute&quot;}\">\n\t\t\t\t<div class=\"elementor-element elementor-element-d8f0e42 elementor-widget elementor-widget-heading\" data-id=\"d8f0e42\" data-element_type=\"widget\" data-e-type=\"widget\" data-widget_type=\"heading.default\">\n\t\t\t\t<div class=\"elementor-widget-container\">\n\t\t\t\t\t<h2 class=\"elementor-heading-title elementor-size-default\">Summer Time<\/h2>\t\t\t\t<\/div>\n\t\t\t\t<\/div>\n\t\t\t\t<div class=\"elementor-element elementor-element-b886360 elementor-widget elementor-widget-text-editor\" data-id=\"b886360\" data-element_type=\"widget\" data-e-type=\"widget\" data-widget_type=\"text-editor.default\">\n\t\t\t\t<div class=\"elementor-widget-container\">\n\t\t\t\t\t\t\t\t\t<div>Descubre lo mejor del verano con nuestros productos frescos y llenos de alegr\u00eda.<\/div>\t\t\t\t\t\t\t\t<\/div>\n\t\t\t\t<\/div>\n\t\t\t\t<div class=\"elementor-element elementor-element-ac1409c elementor-align-left elementor-widget__width-inherit elementor-absolute elementor-widget elementor-widget-button\" data-id=\"ac1409c\" data-element_type=\"widget\" data-e-type=\"widget\" data-settings=\"{&quot;_position&quot;:&quot;absolute&quot;}\" data-widget_type=\"button.default\">\n\t\t\t\t<div class=\"elementor-widget-container\">\n\t\t\t\t\t\t\t\t\t<div class=\"elementor-button-wrapper\">\n\t\t\t\t\t<a class=\"elementor-button elementor-button-link elementor-size-sm\" href=\"#\">\n\t\t\t\t\t\t<span class=\"elementor-button-content-wrapper\">\n\t\t\t\t\t\t\t\t\t<span class=\"elementor-button-text\">Promociones<\/span>\n\t\t\t\t\t<\/span>\n\t\t\t\t\t<\/a>\n\t\t\t\t<\/div>\n\t\t\t\t\t\t\t\t<\/div>\n\t\t\t\t<\/div>\n\t\t\t\t<div class=\"elementor-element elementor-element-611dbc4 elementor-align-right elementor-widget__width-inherit elementor-absolute elementor-widget elementor-widget-button\" data-id=\"611dbc4\" data-element_type=\"widget\" data-e-type=\"widget\" data-settings=\"{&quot;_position&quot;:&quot;absolute&quot;}\" data-widget_type=\"button.default\">\n\t\t\t\t<div class=\"elementor-widget-container\">\n\t\t\t\t\t\t\t\t\t<div class=\"elementor-button-wrapper\">\n\t\t\t\t\t<a class=\"elementor-button elementor-button-link elementor-size-sm\" href=\"#\">\n\t\t\t\t\t\t<span class=\"elementor-button-content-wrapper\">\n\t\t\t\t\t\t\t\t\t<span class=\"elementor-button-text\">Explorar Ahora<\/span>\n\t\t\t\t\t<\/span>\n\t\t\t\t\t<\/a>\n\t\t\t\t<\/div>\n\t\t\t\t\t\t\t\t<\/div>\n\t\t\t\t<\/div>\n\t\t\t\t<\/div>\n\t\t\t\t\t<\/div>\n\t\t\t\t<\/div>\n\t\t<div class=\"elementor-element elementor-element-902ec92 e-flex e-con-boxed e-con e-parent\" data-id=\"902ec92\" data-element_type=\"container\" data-e-type=\"container\" data-settings=\"{&quot;background_background&quot;:&quot;classic&quot;}\">\n\t\t\t\t\t<div class=\"e-con-inner\">\n\t\t<div class=\"elementor-element elementor-element-c520a5a e-con-full e-flex e-con e-child\" data-id=\"c520a5a\" data-element_type=\"container\" data-e-type=\"container\">\n\t\t\t\t<div class=\"elementor-element elementor-element-662b8b1 elementor-absolute elementor-widget elementor-widget-heading\" data-id=\"662b8b1\" data-element_type=\"widget\" data-e-type=\"widget\" data-settings=\"{&quot;_position&quot;:&quot;absolute&quot;}\" data-widget_type=\"heading.default\">\n\t\t\t\t<div class=\"elementor-widget-container\">\n\t\t\t\t\t<h2 class=\"elementor-heading-title elementor-size-default\">Desde refrescantes helados hasta vibrantes accesorios de playa, aqu\u00ed encontrar\u00e1s todo lo que necesitas para disfrutar el sol<\/h2>\t\t\t\t<\/div>\n\t\t\t\t<\/div>\n\t\t\t\t<\/div>\n\t\t\t\t<div class=\"elementor-element elementor-element-b687047 elementor-absolute elementor-widget elementor-widget-image\" data-id=\"b687047\" data-element_type=\"widget\" data-e-type=\"widget\" data-settings=\"{&quot;_position&quot;:&quot;absolute&quot;}\" data-widget_type=\"image.default\">\n\t\t\t\t<div class=\"elementor-widget-container\">\n\t\t\t\t\t\t\t\t\t\t\t\t\t\t\t<img loading=\"lazy\" decoding=\"async\" width=\"989\" height=\"1024\" src=\"https:\/\/yarolandyavy.com\/Yavy\/wp-content\/uploads\/2026\/02\/Sandia-1-989x1024.png\" class=\"attachment-large size-large wp-image-62\" alt=\"\" srcset=\"https:\/\/yarolandyavy.com\/Yavy\/wp-content\/uploads\/2026\/02\/Sandia-1-989x1024.png 989w, https:\/\/yarolandyavy.com\/Yavy\/wp-content\/uploads\/2026\/02\/Sandia-1-290x300.png 290w, https:\/\/yarolandyavy.com\/Yavy\/wp-content\/uploads\/2026\/02\/Sandia-1-768x796.png 768w, https:\/\/yarolandyavy.com\/Yavy\/wp-content\/uploads\/2026\/02\/Sandia-1.png 1005w\" sizes=\"(max-width: 989px) 100vw, 989px\" \/>\t\t\t\t\t\t\t\t\t\t\t\t\t\t\t<\/div>\n\t\t\t\t<\/div>\n\t\t\t\t\t<\/div>\n\t\t\t\t<\/div>\n\t\t\t\t<\/div>\n\t\t","protected":false},"excerpt":{"rendered":"<p>Logotipo Promociones Explora Ahora Summer Time Summer Time Descubre lo mejor del verano con nuestros productos frescos y llenos de alegr\u00eda. Promociones Explorar Ahora Desde refrescantes helados hasta vibrantes accesorios de playa, aqu\u00ed encontrar\u00e1s todo lo que necesitas para disfrutar el sol<\/p>\n","protected":false},"author":1,"featured_media":0,"parent":0,"menu_order":0,"comment_status":"closed","ping_status":"closed","template":"elementor_canvas","meta":{"pagelayer_contact_templates":[],"_pagelayer_content":"","footnotes":""},"class_list":["post-10","page","type-page","status-publish","hentry"],"_links":{"self":[{"href":"https:\/\/yarolandyavy.com\/Yavy\/wp-json\/wp\/v2\/pages\/10","targetHints":{"allow":["GET"]}}],"collection":[{"href":"https:\/\/yarolandyavy.com\/Yavy\/wp-json\/wp\/v2\/pages"}],"about":[{"href":"https:\/\/yarolandyavy.com\/Yavy\/wp-json\/wp\/v2\/types\/page"}],"author":[{"embeddable":true,"href":"https:\/\/yarolandyavy.com\/Yavy\/wp-json\/wp\/v2\/users\/1"}],"replies":[{"embeddable":true,"href":"https:\/\/yarolandyavy.com\/Yavy\/wp-json\/wp\/v2\/comments?post=10"}],"version-history":[{"count":79,"href":"https:\/\/yarolandyavy.com\/Yavy\/wp-json\/wp\/v2\/pages\/10\/revisions"}],"predecessor-version":[{"id":98,"href":"https:\/\/yarolandyavy.com\/Yavy\/wp-json\/wp\/v2\/pages\/10\/revisions\/98"}],"wp:attachment":[{"href":"https:\/\/yarolandyavy.com\/Yavy\/wp-json\/wp\/v2\/media?parent=10"}],"curies":[{"name":"wp","href":"https:\/\/api.w.org\/{rel}","templated":true}]}}